{"id":8238,"date":"2019-11-18T16:49:48","date_gmt":"2019-11-18T16:49:48","guid":{"rendered":"https:\/\/hotelplayalangosteira.com\/?page_id=8238"},"modified":"2024-03-21T11:24:53","modified_gmt":"2024-03-21T11:24:53","slug":"wellness-center","status":"publish","type":"page","link":"https:\/\/hotelplayalangosteira.com\/index.php\/wellness-center\/","title":{"rendered":"Wellness Center"},"content":{"rendered":"<p>[et_pb_section fb_built=\u00bb1&#8243; admin_label=\u00bbHeader\u00bb _builder_version=\u00bb4.24.2&#8243; _module_preset=\u00bbdefault\u00bb background_color=\u00bb#FFFFFF\u00bb width_tablet=\u00bb80%\u00bb width_phone=\u00bb80%\u00bb width_last_edited=\u00bbon|tablet\u00bb custom_margin=\u00bb30px|30px|30px|30px|true|true\u00bb module_alignment_tablet=\u00bbcenter\u00bb module_alignment_phone=\u00bbcenter\u00bb module_alignment_last_edited=\u00bbon|desktop\u00bb border_radii=\u00bbon|10px|10px|10px|10px\u00bb locked=\u00bboff\u00bb collapsed=\u00bbon\u00bb global_colors_info=\u00bb{}\u00bb][et_pb_row column_structure=\u00bb2_3,1_3&#8243; _builder_version=\u00bb4.22.0&#8243; _module_preset=\u00bbdefault\u00bb global_colors_info=\u00bb{}\u00bb][et_pb_column type=\u00bb2_3&#8243; _builder_version=\u00bb4.22.0&#8243; _module_preset=\u00bbdefault\u00bb global_colors_info=\u00bb{}\u00bb][et_pb_text _builder_version=\u00bb4.24.2&#8243; _module_preset=\u00bb6a78b234-7752-402f-a7fd-da8d3ec05371&#8243; header_text_color=\u00bb#FFFFFF\u00bb custom_margin=\u00bb||0px||false|false\u00bb hover_enabled=\u00bb0&#8243; global_colors_info=\u00bb{}\u00bb sticky_enabled=\u00bb0&#8243;]<\/p>\n<h1><span style=\"color: #333333;\">Wellnes Center<\/span><\/h1>\n<p>[\/et_pb_text][et_pb_text _builder_version=\u00bb4.24.2&#8243; _module_preset=\u00bb6a78b234-7752-402f-a7fd-da8d3ec05371&#8243; custom_margin=\u00bb||10px||false|false\u00bb hover_enabled=\u00bb0&#8243; global_colors_info=\u00bb{}\u00bb sticky_enabled=\u00bb0&#8243;]<\/p>\n<h1>Playa Langosteira<\/h1>\n<p>[\/et_pb_text][et_pb_text _builder_version=\u00bb4.24.2&#8243; _module_preset=\u00bb832e45d7-e517-4867-8426-8c9753dfa794&#8243; hover_enabled=\u00bb0&#8243; global_colors_info=\u00bb{}\u00bb sticky_enabled=\u00bb0&#8243;]<\/p>\n<h2><strong>Est\u00e1 necesitando un buen descanso?<\/strong><\/h2>\n<p>En nuestras instalaciones encontrar\u00e1s lo que estas buscando, ese momento en que poder desconectar de todo un a\u00f1o de trabajo, y un lugar donde encontrar paz y bienestar. La salud es un factor primordial.<\/p>\n<h3><strong>Conozca todos los servicios que tenemos para brindarle.<\/strong><\/h3>\n<p>Desde gimnasio, sauna, belleza y muchas cosas mas es lo que encontrar\u00e1s cuando nos visites, nuestra intenci\u00f3n es que el cliente nos recomiende y que vuelva, porque el boca a boca es la mejor publicidad hoy en d\u00eda.<\/p>\n<p>[\/et_pb_text][\/et_pb_column][et_pb_column type=\u00bb1_3&#8243; _builder_version=\u00bb4.22.0&#8243; _module_preset=\u00bbdefault\u00bb global_colors_info=\u00bb{}\u00bb][et_pb_image src=\u00bbhttps:\/\/hotelplayalangosteira.com\/wp-content\/uploads\/2019\/11\/IMG_1370.jpg\u00bb alt=\u00bbplaya langosteira finisterre\u00bb title_text=\u00bbIMG_1370&#8243; _builder_version=\u00bb4.24.2&#8243; _module_preset=\u00bbdefault\u00bb max_width_tablet=\u00bb200px\u00bb max_width_phone=\u00bb200px\u00bb max_width_last_edited=\u00bbon|tablet\u00bb max_height_tablet=\u00bb200px\u00bb max_height_phone=\u00bb200px\u00bb max_height_last_edited=\u00bbon|tablet\u00bb hover_enabled=\u00bb0&#8243; border_radii=\u00bbon|500px|500px|500px|500px\u00bb border_width_all=\u00bb10px\u00bb border_color_all=\u00bb#FFFFFF\u00bb global_colors_info=\u00bb{}\u00bb sticky_enabled=\u00bb0&#8243;][\/et_pb_image][\/et_pb_column][\/et_pb_row][\/et_pb_section][et_pb_section fb_built=\u00bb1&#8243; _builder_version=\u00bb4.24.2&#8243; _module_preset=\u00bbdefault\u00bb global_colors_info=\u00bb{}\u00bb][et_pb_row use_custom_gutter=\u00bbon\u00bb gutter_width=\u00bb1&#8243; _builder_version=\u00bb4.24.2&#8243; _module_preset=\u00bbdefault\u00bb width=\u00bb100%\u00bb max_width=\u00bb2560px\u00bb global_colors_info=\u00bb{}\u00bb][et_pb_column type=\u00bb4_4&#8243; _builder_version=\u00bb4.24.2&#8243; _module_preset=\u00bbdefault\u00bb global_colors_info=\u00bb{}\u00bb][et_pb_gallery gallery_ids=\u00bb8276,8275,8274,8273,8260,8262,8263,8244&#8243; posts_number=\u00bb12&#8243; show_title_and_caption=\u00bboff\u00bb show_pagination=\u00bboff\u00bb _builder_version=\u00bb4.24.2&#8243; _module_preset=\u00bbdefault\u00bb hover_enabled=\u00bb0&#8243; global_colors_info=\u00bb{}\u00bb sticky_enabled=\u00bb0&#8243;][\/et_pb_gallery][\/et_pb_column][\/et_pb_row][\/et_pb_section]<\/p>\n","protected":false},"excerpt":{"rendered":"<p>Wellnes CenterPlaya LangosteiraEst\u00e1 necesitando un buen descanso? En nuestras instalaciones encontrar\u00e1s lo que estas buscando, ese momento en que poder desconectar de todo un a\u00f1o de trabajo, y un lugar donde encontrar paz y bienestar. La salud es un factor primordial. Conozca todos los servicios que tenemos para brindarle. Desde gimnasio, sauna, belleza y muchas [&hellip;]<\/p>\n","protected":false},"author":3,"featured_media":0,"parent":0,"menu_order":0,"comment_status":"closed","ping_status":"closed","template":"","meta":{"_et_pb_use_builder":"on","_et_pb_old_content":"<p>[vc_row type=\"image\" padding_top=\"\" padding_bottom=\"\" bg_image=\"8279\"][vc_column][vc_empty_space height=\"150px\"][vc_row_inner][vc_column_inner width=\"1\/2\" css=\".vc_custom_1467124357123{padding-top: 20px !important;padding-right: 20px !important;padding-bottom: 20px !important;padding-left: 20px !important;background-color: rgba(255,255,255,0.69) !important;*background-color: rgb(255,255,255) !important;}\"][vc_column_text letter_spacing=\"\"]<\/p><h1><strong><span style=\"color: #000000;\">Wellnes Center<br \/>Playa Langosteira<\/span><\/strong><\/h1><h2><strong><span style=\"color: #000000;\">Est\u00e1 necesitando un buen descanso?<\/span><\/strong><\/h2><p><span style=\"color: #000000;\">En nuestras instalaciones encontrar\u00e1s lo que estas buscando, ese momento en que poder desconectar de todo un a\u00f1o de trabajo, y un lugar donde encontrar paz y bienestar. La salud es un factor primordial. <\/span>[\/vc_column_text][\/vc_column_inner][vc_column_inner width=\"1\/2\"][\/vc_column_inner][\/vc_row_inner][vc_empty_space height=\"150px\"][\/vc_column][\/vc_row][vc_row][vc_column][vc_empty_space height=\"15\"][\/vc_column][\/vc_row][vc_row el_id=\"contact\" text_align=\"center\" type=\"image\" bg_position=\"center\" bg_position_horizontal=\"center\" vertical_align=\"yes\" padding_top=\"80\" padding_bottom=\"80\" bg_image=\"8256\"][vc_column offset=\"vc_col-lg-offset-3 vc_col-lg-6 vc_col-md-offset-3 vc_col-md-6 vc_col-xs-12\"][vc_column_text text_color=\"#ffffff\" font_size=\"15px\" letter_spacing=\"\" css=\".vc_custom_1574103442550{margin-top: 0px !important;padding-right: 30px !important;padding-left: 30px !important;}\"]<\/p><h3><span style=\"color: #000000;\">Conozca todos los servicios que tenemos para brindarle.<\/span><\/h3><p><span style=\"color: #000000;\">Desde gimnasio, sauna, belleza y muchas cosas mas es lo que encontrar\u00e1s cuando nos visites, nuestra intenci\u00f3n es que el cliente nos recomiende y que vuelva, porque el boca a boca es la mejor publicidad hoy en d\u00eda.<\/span>[\/vc_column_text][kleo_gap size=\"40px\"][\/vc_column][\/vc_row][vc_row][vc_column][vc_row_inner equal_height=\"yes\" content_placement=\"top\" gap=\"35\" bg_pos_v=\"top\" css=\".vc_custom_1574098349093{margin-top: 10px !important;}\"][vc_column_inner width=\"1\/4\"][vc_column_text letter_spacing=\"\"]<\/p><h2 style=\"text-align: center;\"><img class=\"wp-image-8261 size-medium aligncenter\" src=\"https:\/\/hotelplayalangosteira.com\/wp-content\/uploads\/2019\/11\/IMG_1356-300x225.jpg\" alt=\"\" width=\"300\" height=\"225\" \/>Gimnasio<\/h2><p style=\"text-align: center;\">Completo gimnasio integral, con zona cardio y zona de musculaci\u00f3n.<\/p><p>[\/vc_column_text][\/vc_column_inner][vc_column_inner width=\"1\/4\"][vc_column_text letter_spacing=\"\"]<\/p><h2 style=\"text-align: center;\"><img class=\"alignnone wp-image-8283 size-medium\" src=\"https:\/\/hotelplayalangosteira.com\/wp-content\/uploads\/2019\/11\/IMG_3266-225x300.jpg\" alt=\"\" width=\"225\" height=\"300\" \/><\/h2><h2 style=\"text-align: center;\">Spa Premium<\/h2><p style=\"text-align: center;\">SPA, BA\u00d1O DE VAPOR, SAUNA, TERMOTERAPIA. Mereces cuidarte y lo sabes, en nuestras instalaciones encontrar\u00e1s ese momento de de relax, donde todo lo dem\u00e1s pasa a un segundo plano y debes dedicarte un momento a ti mismo.<\/p><p>[\/vc_column_text][\/vc_column_inner][vc_column_inner width=\"1\/4\"][vc_column_text letter_spacing=\"\"]<\/p><h2 style=\"text-align: center;\"><img class=\"alignnone wp-image-8258 size-medium\" src=\"https:\/\/hotelplayalangosteira.com\/wp-content\/uploads\/2019\/11\/spa-y-masajes_03-300x197.jpg\" alt=\"\" width=\"300\" height=\"197\" \/><\/h2><h2 style=\"text-align: center;\">Zona de masajes<\/h2><p style=\"text-align: center;\">De todos es conocido el beneficio que aporta a la salud hacerse masajes peri\u00f3dicamente, no vamos a descubrir nada nuevo, lo que si te podemos garantizar es que tu cuerpo y mente lo agradecer\u00e1n.<\/p><p>[\/vc_column_text][\/vc_column_inner][vc_column_inner width=\"1\/4\"][vc_column_text letter_spacing=\"\"]<\/p><h2 style=\"text-align: center;\"><img class=\"alignnone wp-image-8248 size-medium\" src=\"https:\/\/hotelplayalangosteira.com\/wp-content\/uploads\/2019\/11\/solarium-300x159.jpg\" alt=\"\" width=\"300\" height=\"159\" \/><\/h2><h2 style=\"text-align: center;\">Solarium<\/h2><p style=\"text-align: center;\">Pr\u00f3ximamente podr\u00e1 disfrutarlo plenamente\u2026<\/p><p>[\/vc_column_text][\/vc_column_inner][\/vc_row_inner][\/vc_column][\/vc_row][vc_row type=\"color\" bg_color=\"#e2e2e2\" padding_top=\"10\"][vc_column][vc_row_inner equal_height=\"yes\" content_placement=\"top\" gap=\"35\" bg_pos_v=\"top\" css=\".vc_custom_1574098349093{margin-top: 10px !important;}\"][vc_column_inner width=\"1\/2\"][vc_column_text letter_spacing=\"\"]<\/p><h3>Horarios:<\/h3><p>Lunes a Viernes: De 8.00 Hs.\u00a0a 13.00 Hs. y De 15.00 Hs. a 22.00 Hs.<br \/>S\u00e1bados, Domingo y Festivos: De 9.00 Hs.\u00a0a 14.00 Hs. y De 16.00 Hs. a 23.00 Hs.<\/p><h4>HORARIOS NI\u00d1OS (-16 A\u00d1OS):<\/h4><p>SIEMPRE ACOMPA\u00d1ADOS Y BAJO LA RESPONSABILIDAD DE\u00a0UN ADULTO<\/p><p>Lunes a Viernes: De 15.00 Hs. a 18.00 Hs.<br \/>S\u00e1bados, Domingo y Festivos: De 9.00 Hs.\u00a0a 11.00 Hs. y De 16.00 Hs. a 18.00 Hs.<\/p><p><strong>ES OBLIGATORIO EL USO DE GORRO, CHANCLETAS Y TOALLA PERSONAL<\/strong>[\/vc_column_text][\/vc_column_inner][vc_column_inner width=\"1\/2\"][vc_column_text letter_spacing=\"\"]<\/p><h3>Precios:<\/h3><h4><strong>SPA<\/strong><\/h4><p>ENTRADA SPA ADULTO\u00a0<strong>15,00 \u20ac \u2022\u00a0<\/strong>PAQUETE 10 ENTRADAS ADULTO\u00a0<strong>120,00 \u20ac<br \/><\/strong>ENTRADA SPA NI\u00d1O*\u00a0<strong>8,00 \u20ac \u2022\u00a0<\/strong>PAQUETE 10 ENTRADAS NI\u00d1O*\u00a0<strong>60,00 \u20ac<\/strong><\/p><p><em>* Ni\u00f1os hasta 14 a\u00f1os de edad<\/em><\/p><h4><strong>FITNESS<\/strong><\/h4><p>ENTRADA FITNESS ADULTO\u00a0<strong>6,00 \u20ac \u2022\u00a0<\/strong>PAQUETE 10 ENTRADAS FITNESS\u00a0<strong>50,00 \u20ac<\/strong><\/p><h4><strong>ABONOS<\/strong><\/h4><p><strong>SPA \/ FITNESS<br \/><\/strong>ABONO MENSUAL:\u00a0<strong>59,00 \u20ac<\/strong>\u00a0 \u2022\u00a0ABONO BIMENSUAL:\u00a0<strong>109,00 \u20ac<\/strong>\u00a0 \u2022\u00a0ABONO TRIMESTRIAL:\u00a0<strong>149,00 \u20ac<\/strong>\u00a0\u00a0\u2022\u00a0ABONO SEMESTRIAL:\u00a0<strong>279,00 \u20ac<\/strong>\u00a0\u00a0\u2022\u00a0ABONO ANUAL:\u00a0\u00a0<strong>499,00 \u20ac<\/strong><\/p><p><strong>SOLO FITNESS<br \/><\/strong>ABONO MENSUAL:\u00a0<strong>25,00 \u20ac<\/strong>\u00a0 \u2022\u00a0ABONO BIMENSUAL:\u00a0<strong>45,00 \u20ac<\/strong>\u00a0 \u2022\u00a0ABONO TRIMESTRIAL:\u00a0<strong>65,00 \u20ac<\/strong>\u00a0\u00a0\u2022\u00a0ABONO SEMESTRIAL:\u00a0<strong>129,00 \u20ac<\/strong>\u00a0\u00a0\u2022\u00a0ABONO ANUAL:\u00a0\u00a0<strong>249,00 \u20ac<\/strong><\/p><p><em>* Estos precios incluyen el 10% de I.V.A.<\/em>[\/vc_column_text][\/vc_column_inner][\/vc_row_inner][vc_row_inner equal_height=\"yes\" content_placement=\"top\" gap=\"35\" bg_pos_v=\"top\" css=\".vc_custom_1574098349093{margin-top: 10px !important;}\"][vc_column_inner][vc_column_text letter_spacing=\"\"]<\/p><p>[gallery type=\"rectangular\" ids=\"8289,8288,8287,8286,8285,8283,8282,8281,8278,8272,8273,8274,8275,8264,8263,8262\" orderby=\"rand\"]<\/p><p>[\/vc_column_text][\/vc_column_inner][\/vc_row_inner][\/vc_column][\/vc_row]<\/p>","_et_gb_content_width":"","footnotes":""},"class_list":["post-8238","page","type-page","status-publish","hentry"],"_links":{"self":[{"href":"https:\/\/hotelplayalangosteira.com\/index.php\/wp-json\/wp\/v2\/pages\/8238","targetHints":{"allow":["GET"]}}],"collection":[{"href":"https:\/\/hotelplayalangosteira.com\/index.php\/wp-json\/wp\/v2\/pages"}],"about":[{"href":"https:\/\/hotelplayalangosteira.com\/index.php\/wp-json\/wp\/v2\/types\/page"}],"author":[{"embeddable":true,"href":"https:\/\/hotelplayalangosteira.com\/index.php\/wp-json\/wp\/v2\/users\/3"}],"replies":[{"embeddable":true,"href":"https:\/\/hotelplayalangosteira.com\/index.php\/wp-json\/wp\/v2\/comments?post=8238"}],"version-history":[{"count":22,"href":"https:\/\/hotelplayalangosteira.com\/index.php\/wp-json\/wp\/v2\/pages\/8238\/revisions"}],"predecessor-version":[{"id":8502,"href":"https:\/\/hotelplayalangosteira.com\/index.php\/wp-json\/wp\/v2\/pages\/8238\/revisions\/8502"}],"wp:attachment":[{"href":"https:\/\/hotelplayalangosteira.com\/index.php\/wp-json\/wp\/v2\/media?parent=8238"}],"curies":[{"name":"wp","href":"https:\/\/api.w.org\/{rel}","templated":true}]}}