{"id":7868,"date":"2016-06-20T11:06:06","date_gmt":"2016-06-20T11:06:06","guid":{"rendered":"http:\/\/hotelplayalangosteira.com\/?page_id=7868"},"modified":"2024-04-25T10:48:15","modified_gmt":"2024-04-25T10:48:15","slug":"aviso-legal","status":"publish","type":"page","link":"https:\/\/hotelplayalangosteira.com\/index.php\/aviso-legal\/","title":{"rendered":"Aviso Legal"},"content":{"rendered":"<p>En cumplimiento de lo establecido en la Ley 34\/2002 de 11 de Julio, de Servicios de la Sociedad de La Informaci\u00f3n y el Comercio Electr\u00f3nico (LSSICE), se informa de los siguientes aspectos legales:<\/p>\n<p><strong>Identificaci\u00f3n de la web<\/strong>: <a href=\"https:\/\/hotelplayalangosteira.com\">hotelplayalangosteira.com<\/a><br \/>\n<strong>Responsable de la web<\/strong>: <strong><em>Hotel Playa Langosteira<\/em><\/strong><br \/>\n<strong>Domicilio de Contacto<\/strong>: Disponible en la web.<br \/>\n<strong>Email de Contacto: <b><a href=\"mailto:playa@adelolo.com\" target=\"_blank\" rel=\"noopener\">playa@adelolo.com<\/a><\/b><\/strong><br \/>\n<strong>Tlf\/Fax:<\/strong> Disponible en web<br \/>\n<strong>Datos Fiscales:<\/strong> Disponibles en domicilio de la empresa<br \/>\n<strong>Datos Registrales:<\/strong> Disponibles en domicilio de la empresa<br \/>\n<strong>Hojas de Reclamaci\u00f3n:<\/strong> Disponibles en el domicilio de contacto de la empresa.<\/p>\n<p><strong><u>CONDICIONES GENERALES DE USO DE LA P\u00c1GINA \u00a0<\/u><\/strong><\/p>\n<p><strong>1.- Consideraciones Previas<\/strong><br \/>\nLas presentes condiciones legales regulan el uso legal permitido de esta p\u00e1gina web, URL: <a href=\"https:\/\/hotelplayalangosteira.com\">hotelplayalangosteira.com<\/a>\u00a0cuyo responsable legal es <strong><em>Hotel Playa Langosteira<\/em><\/strong>. Estas condiciones generales regulan el acceso y utilizaci\u00f3n que la titular de la web pone gratuitamente a disposici\u00f3n de los usuarios de Internet. El acceso a la misma implica su aceptaci\u00f3n sin reservas. El solicitar informaci\u00f3n o emitir una opini\u00f3n, supone la aceptaci\u00f3n plena de las presentes condiciones.<br \/>\nLa labor de <strong><em>Hotel Playa Langosteira<\/em><\/strong>, es <strong><em>hoteler\u00eda<\/em><\/strong><\/p>\n<p><strong>2.- Uso de la P\u00e1gina Web<\/strong><br \/>\nEl Usuario se obliga a usar la web, los servicios y los contenidos de forma diligente, correcta y l\u00edcita. <strong><em>Hotel Playa Langosteira<\/em><\/strong> podr\u00e1 responsabilizar a los usuarios que haciendo mal uso de la web, causaren da\u00f1os o perjuicios a terceras personas, as\u00ed como de los posibles virus o programas inform\u00e1ticos, que pudiesen introducir, generar, alojar en la web, y deterioren o puedan deteriorar tanto los contenidos como el buen funcionamiento de \u00e9sta, as\u00ed como los equipos, sistemas y programas de los usuarios de la web.<\/p>\n<p><strong>3.- Propiedad Intelectual e industrial<\/strong><br \/>\nLos textos, im\u00e1genes de trabajos en la galer\u00eda, logos, signos distintivos, sonidos, animaciones, v\u00eddeos, c\u00f3digo fuente y resto de contenidos incluidos en este website son propiedad de <strong><em>Hotel Playa Langosteira<\/em><\/strong> o dispone en su caso, <strong><em>Hotel Playa Langosteira<\/em><\/strong> el derecho de uso y explotaci\u00f3n de los mismos, y en tal sentido se erigen como obras protegidas por la legislaci\u00f3n de propiedad intelectual e industrial vigentes.<br \/>\nEl Usuario se compromete a abstenerse de: suprimir, eludir o manipular el \u00abcopyright\u00bb y dem\u00e1s datos identificativos de los derechos de sus titulares incorporados a los Contenidos, as\u00ed como los dispositivos t\u00e9cnicos de protecci\u00f3n, o cualesquiera mecanismos de informaci\u00f3n que pudieren contener los Contenidos.<br \/>\nCualquier transmisi\u00f3n, distribuci\u00f3n, reproducci\u00f3n o almacenamiento, total o parcial, de los contenidos almacenados en esta web, queda expresamente prohibido salvo previo y expreso consentimiento del titular, quedando expresa y terminantemente prohibida la reproducci\u00f3n de elementos o contenidos de este website, realizados con \u00e1nimo de lucro o fines comerciales.<\/p>\n<p><strong>4.- Condiciones de Acceso<\/strong>, <strong><em>Hotel Playa Langosteira<\/em><\/strong> se reserva la facultad de efectuar, en cualquier momento y sin necesidad de previo aviso, modificaciones y actualizaciones de la informaci\u00f3n contenida en la Web, de la configuraci\u00f3n y presentaci\u00f3n de \u00e9sta, de las condiciones de acceso, condiciones de contrataci\u00f3n. etc. Por lo que el USUARIO deber\u00e1 acceder a versiones actualizadas de la p\u00e1gina.<br \/>\nLa empresa responsable de la web no garantiza la inexistencia de interrupciones o errores en el acceso a la p\u00e1gina o a su contenido, ni que \u00e9sta se encuentre actualizada o libre de virus, ni de cualquier otro elemento en la que puedan producir alteraciones en su sistema inform\u00e1tico , <strong><em>Hotel Playa Langosteira<\/em><\/strong>, declina cualquier responsabilidad contractual o extracontractual con la persona o empresa que haga uso de ella y tuviera perjuicios de cualquier naturaleza ocasionados por virus inform\u00e1ticos o por elementos inform\u00e1ticos de cualquier \u00edndole.<br \/>\nEl titular de la web no responder\u00e1 de ninguna consecuencia, da\u00f1o o perjuicio que pudieran derivarse del uso no consentido de la informaci\u00f3n contenida en la misma, o de los derivados de los servicios, opiniones y consejos incluidos en nuestra p\u00e1gina web.<br \/>\nEl hardware y software necesarios para acceder a la web ser\u00e1n por cuenta del Usuario. <strong><em>Hotel Playa Langosteira<\/em><\/strong>, no ser\u00e1 responsable del mal funcionamiento de estos, ni de los derechos de uso o licencias requeridos para su utilizaci\u00f3n.<\/p>\n<p><strong>5.- Responsabilidad por Links<\/strong><br \/>\nLa empresa responsable de la p\u00e1gina web, declina cualquier responsabilidad por los servicios y\/o informaci\u00f3n que se preste en otras p\u00e1ginas enlazadas con esta Web, no controla ni ejerce ning\u00fan tipo de supervisi\u00f3n cuando incluye el link a las mismas, con la creencia de que estos contenidos acatan la legislaci\u00f3n aplicable. No obstante, la utilizaci\u00f3n de Links a otras p\u00e1ginas no supone en modo alguno responsabilidad ni apropiaci\u00f3n del contenido de las mismas, sin que se pueda entender que se produce labor alguna de supervisi\u00f3n ni aprobaci\u00f3n de los cambios o informaciones que se realicen en ellas. Aconsejamos a los visitantes de las mismas actuar con prudencia y consultar las eventuales condiciones legales que se expongan en dichas webs.<br \/>\n<strong><em>Hotel Playa Langosteira<\/em><\/strong>, no responde, ni se hace cargo, de ning\u00fan tipo de responsabilidad por los da\u00f1os y perjuicios que puedan relacionarse con el funcionamiento, disponibilidad y continuidad de los sitios enlazados.<\/p>\n<p><strong>6.- Contenidos de la web:<\/strong><br \/>\nEl idioma utilizado por la web ser\u00e1 el castellano, sin perjuicio de la utilizaci\u00f3n de otras lenguas, nacionales o auton\u00f3micas. <strong><em>Hotel Playa Langosteira<\/em><\/strong>, no se responsabiliza de la no comprensi\u00f3n o entendimiento del idioma de la web por el Usuario, ni de sus consecuencias.<br \/>\nLos contenidos de la web tienen como finalidad informar y dar a conocer las actividades, productos y servicios prestados por <strong><em>Hotel Playa Langosteira<\/em><\/strong> y tienen un car\u00e1cter general y orientativo.<br \/>\n<strong><em>Hotel Playa Langosteira<\/em><\/strong> podr\u00e1 modificar los contenidos sin previo aviso, as\u00ed como suprimir y cambiar \u00e9stos dentro de la web y la forma en que se accede a \u00e9stos, sin justificaci\u00f3n alguna y libremente, no responsabiliz\u00e1ndose de las consecuencias que los mismos puedan ocasionar a los usuarios.<br \/>\nSe proh\u00edbe el uso de los contenidos de la web para promocionar, contratar o divulgar publicidad o informaci\u00f3n propia o de terceras personas sin la autorizaci\u00f3n de <strong><em>Hotel Playa Langosteira<\/em><\/strong>, ni remitir publicidad o informaci\u00f3n vali\u00e9ndose para ello de los servicios o informaci\u00f3n que se ponen a disposici\u00f3n del Usuario, independientemente de si la utilizaci\u00f3n es gratuita o no.<br \/>\nLos enlaces o hiperenlaces que incorporen terceros en sus p\u00e1ginas web, dirigidos a esta web, ser\u00e1n para apertura de la p\u00e1gina web completa, no pudiendo manifestar, directa o indirectamente, indicaciones falsas, inexactas o confusas, ni incurrir en acciones desleales o il\u00edcitas en contra de <strong><em>Hotel Playa Langosteira<\/em><\/strong>.<\/p>\n<p><strong>7.- R\u00e9gimen legal y jurisdicci\u00f3n aplicable:<\/strong><br \/>\nLas presentes condiciones de uso de la p\u00e1gina web se rigen por la legislaci\u00f3n Espa\u00f1ola.<br \/>\nAs\u00ed mismo, <strong><em>Hotel Playa Langosteira<\/em><\/strong> y el Usuario reconocen y aceptan que para la resoluci\u00f3n de cualquier litigio, discrepancia, controversia, conflicto, cuesti\u00f3n o reclamaci\u00f3n resultante de la interpretaci\u00f3n, desarrollo, ejecuci\u00f3n, incumplimiento, resoluci\u00f3n o nulidad de las presentes condiciones de uso ser\u00e1n los Juzgados y Tribunales del partido judicial de la ciudad de <em>A Coru\u00f1a (Espa\u00f1a)<\/em> los encargados de resolverlas, renunciando las partes expresamente a cualquier otro fuero que pudiera corresponderles, salvo en los casos en que no est\u00e9 legalmente permitida dicha renuncia.<\/p>\n","protected":false},"excerpt":{"rendered":"<p>En cumplimiento de lo establecido en la Ley 34\/2002 de 11 de Julio, de Servicios de la Sociedad de La Informaci\u00f3n y el Comercio Electr\u00f3nico (LSSICE), se informa de los siguientes aspectos legales: Identificaci\u00f3n de la web: hotelplayalangosteira.com Responsable de la web: Hotel Playa Langosteira Domicilio de Contacto: Disponible en la web. Email de Contacto: [&hellip;]<\/p>\n","protected":false},"author":3,"featured_media":0,"parent":0,"menu_order":0,"comment_status":"closed","ping_status":"closed","template":"","meta":{"_et_pb_use_builder":"","_et_pb_old_content":"","_et_gb_content_width":"","footnotes":""},"class_list":["post-7868","page","type-page","status-publish","hentry"],"_links":{"self":[{"href":"https:\/\/hotelplayalangosteira.com\/index.php\/wp-json\/wp\/v2\/pages\/7868","targetHints":{"allow":["GET"]}}],"collection":[{"href":"https:\/\/hotelplayalangosteira.com\/index.php\/wp-json\/wp\/v2\/pages"}],"about":[{"href":"https:\/\/hotelplayalangosteira.com\/index.php\/wp-json\/wp\/v2\/types\/page"}],"author":[{"embeddable":true,"href":"https:\/\/hotelplayalangosteira.com\/index.php\/wp-json\/wp\/v2\/users\/3"}],"replies":[{"embeddable":true,"href":"https:\/\/hotelplayalangosteira.com\/index.php\/wp-json\/wp\/v2\/comments?post=7868"}],"version-history":[{"count":4,"href":"https:\/\/hotelplayalangosteira.com\/index.php\/wp-json\/wp\/v2\/pages\/7868\/revisions"}],"predecessor-version":[{"id":8518,"href":"https:\/\/hotelplayalangosteira.com\/index.php\/wp-json\/wp\/v2\/pages\/7868\/revisions\/8518"}],"wp:attachment":[{"href":"https:\/\/hotelplayalangosteira.com\/index.php\/wp-json\/wp\/v2\/media?parent=7868"}],"curies":[{"name":"wp","href":"https:\/\/api.w.org\/{rel}","templated":true}]}}