{"id":7862,"date":"2016-06-20T11:04:58","date_gmt":"2016-06-20T11:04:58","guid":{"rendered":"http:\/\/hotelplayalangosteira.com\/?page_id=7862"},"modified":"2024-04-25T10:43:39","modified_gmt":"2024-04-25T10:43:39","slug":"habitaciones","status":"publish","type":"page","link":"https:\/\/hotelplayalangosteira.com\/index.php\/habitaciones\/","title":{"rendered":"Habitaciones"},"content":{"rendered":"<p>[et_pb_section fb_built=\u00bb1&#8243; admin_label=\u00bbHeader\u00bb _builder_version=\u00bb4.22.0&#8243; _module_preset=\u00bbdefault\u00bb background_color=\u00bbgcid-a13652f3-2793-4cb6-9d99-526eb1549d6a\u00bb width_tablet=\u00bb80%\u00bb width_phone=\u00bb80%\u00bb width_last_edited=\u00bbon|tablet\u00bb custom_margin=\u00bb30px|30px|30px|30px|true|true\u00bb module_alignment_tablet=\u00bbcenter\u00bb module_alignment_phone=\u00bbcenter\u00bb module_alignment_last_edited=\u00bbon|desktop\u00bb border_radii=\u00bbon|10px|10px|10px|10px\u00bb locked=\u00bboff\u00bb collapsed=\u00bbon\u00bb global_colors_info=\u00bb{%22gcid-a13652f3-2793-4cb6-9d99-526eb1549d6a%22:%91%22background_color%22%93}\u00bb][et_pb_row column_structure=\u00bb2_3,1_3&#8243; _builder_version=\u00bb4.22.0&#8243; _module_preset=\u00bbdefault\u00bb global_colors_info=\u00bb{}\u00bb][et_pb_column type=\u00bb2_3&#8243; _builder_version=\u00bb4.22.0&#8243; _module_preset=\u00bbdefault\u00bb global_colors_info=\u00bb{}\u00bb][et_pb_text _builder_version=\u00bb4.24.2&#8243; _module_preset=\u00bb6a78b234-7752-402f-a7fd-da8d3ec05371&#8243; header_text_color=\u00bb#FFFFFF\u00bb custom_margin=\u00bb||0px||false|false\u00bb global_colors_info=\u00bb{}\u00bb]<\/p>\n<h1>Reserva ahora<\/h1>\n<p>[\/et_pb_text][et_pb_text _builder_version=\u00bb4.24.2&#8243; _module_preset=\u00bb6a78b234-7752-402f-a7fd-da8d3ec05371&#8243; custom_margin=\u00bb||10px||false|false\u00bb global_colors_info=\u00bb{}\u00bb]<\/p>\n<h1>Elige tu habitaci\u00f3n<\/h1>\n<p>[\/et_pb_text][et_pb_text _builder_version=\u00bb4.24.2&#8243; _module_preset=\u00bb832e45d7-e517-4867-8426-8c9753dfa794&#8243; global_colors_info=\u00bb{}\u00bb]<\/p>\n<p>De estilo moderno y centradas en el confort de sus hu\u00e9spedes, las 28 habitaciones del\u00a0<strong>Hotel Playa Langosteira<\/strong><\/p>\n<p>[\/et_pb_text][\/et_pb_column][et_pb_column type=\u00bb1_3&#8243; _builder_version=\u00bb4.22.0&#8243; _module_preset=\u00bbdefault\u00bb global_colors_info=\u00bb{}\u00bb][et_pb_image src=\u00bbhttps:\/\/hotelplayalangosteira.com\/wp-content\/uploads\/2016\/06\/Habitacion-Doble-twin.jpg\u00bb title_text=\u00bbHabitacion-Doble-twin\u00bb _builder_version=\u00bb4.24.2&#8243; _module_preset=\u00bbdefault\u00bb max_width_tablet=\u00bb200px\u00bb max_width_phone=\u00bb200px\u00bb max_width_last_edited=\u00bbon|tablet\u00bb max_height_tablet=\u00bb200px\u00bb max_height_phone=\u00bb200px\u00bb max_height_last_edited=\u00bbon|tablet\u00bb border_radii=\u00bbon|500px|500px|500px|500px\u00bb border_width_all=\u00bb10px\u00bb border_color_all=\u00bb#FFFFFF\u00bb global_colors_info=\u00bb{}\u00bb][\/et_pb_image][\/et_pb_column][\/et_pb_row][\/et_pb_section][et_pb_section fb_built=\u00bb1&#8243; admin_label=\u00bbAbout\u00bb _builder_version=\u00bb4.22.0&#8243; _module_preset=\u00bbdefault\u00bb collapsed=\u00bbon\u00bb global_colors_info=\u00bb{}\u00bb][et_pb_row column_structure=\u00bb1_2,1_2&#8243; _builder_version=\u00bb4.24.2&#8243; _module_preset=\u00bbdefault\u00bb border_width_bottom=\u00bb4px\u00bb border_color_bottom=\u00bb#000000&#8243; global_colors_info=\u00bb{}\u00bb][et_pb_column type=\u00bb1_2&#8243; _builder_version=\u00bb4.22.0&#8243; _module_preset=\u00bbdefault\u00bb global_colors_info=\u00bb{}\u00bb][et_pb_text _builder_version=\u00bb4.24.2&#8243; _module_preset=\u00bba0075558-6c14-4768-93b2-ff09fdc9d308&#8243; text_text_color=\u00bb#000000&#8243; global_colors_info=\u00bb{}\u00bb]<\/p>\n<p style=\"text-align: center;\"><b>HABITACI\u00d3N DOBLE MATRIMONIO\/ TWIN<\/b><\/p>\n<p>[\/et_pb_text][et_pb_button button_url=\u00bbhttps:\/\/booking.hotelgest.com\/v3\/?pcode=1707&#8243; button_text=\u00bbVer disponibilidad\u00bb button_alignment=\u00bbcenter\u00bb _builder_version=\u00bb4.24.2&#8243; _module_preset=\u00bbdefault\u00bb custom_button=\u00bbon\u00bb button_text_color=\u00bb#000000&#8243; button_border_color=\u00bb#000000&#8243; button_border_radius=\u00bb25px\u00bb button_icon=\u00bb&#xf073;||fa||400&#8243; hover_enabled=\u00bb0&#8243; global_colors_info=\u00bb{}\u00bb sticky_enabled=\u00bb0&#8243;][\/et_pb_button][et_pb_divider color=\u00bb#E09900&#8243; divider_weight=\u00bb3px\u00bb _builder_version=\u00bb4.24.2&#8243; _module_preset=\u00bbdefault\u00bb global_colors_info=\u00bb{}\u00bb][\/et_pb_divider][et_pb_image src=\u00bbhttps:\/\/hotelplayalangosteira.com\/wp-content\/uploads\/2016\/06\/logo.png\u00bb alt=\u00bbHotel playa Langosteira\u00bb title_text=\u00bbHotel playa Langosteira\u00bb align=\u00bbcenter\u00bb _builder_version=\u00bb4.24.2&#8243; _module_preset=\u00bbdefault\u00bb global_colors_info=\u00bb{}\u00bb][\/et_pb_image][\/et_pb_column][et_pb_column type=\u00bb1_2&#8243; _builder_version=\u00bb4.22.0&#8243; _module_preset=\u00bbdefault\u00bb global_colors_info=\u00bb{}\u00bb][et_pb_image src=\u00bbhttps:\/\/hotelplayalangosteira.com\/wp-content\/uploads\/2016\/06\/Habitacion-Doble-Estandar.jpg\u00bb title_text=\u00bbHabitacion-Doble-Estandar\u00bb _builder_version=\u00bb4.24.2&#8243; _module_preset=\u00bbdefault\u00bb box_shadow_style=\u00bbpreset4&#8243; box_shadow_color=\u00bb#E09900&#8243; global_colors_info=\u00bb{}\u00bb][\/et_pb_image][\/et_pb_column][\/et_pb_row][et_pb_row column_structure=\u00bb1_2,1_2&#8243; _builder_version=\u00bb4.24.2&#8243; _module_preset=\u00bbdefault\u00bb border_width_bottom=\u00bb4px\u00bb global_colors_info=\u00bb{}\u00bb][et_pb_column type=\u00bb1_2&#8243; _builder_version=\u00bb4.22.0&#8243; _module_preset=\u00bbdefault\u00bb global_colors_info=\u00bb{}\u00bb][et_pb_text _builder_version=\u00bb4.24.2&#8243; _module_preset=\u00bba0075558-6c14-4768-93b2-ff09fdc9d308&#8243; text_font=\u00bbInter|700|||||||\u00bb text_text_color=\u00bb#000000&#8243; global_colors_info=\u00bb{}\u00bb]<\/p>\n<p style=\"text-align: center;\"><b>HABITACI\u00d3N TRIPLE<\/b><\/p>\n<p>[\/et_pb_text][et_pb_button button_url=\u00bbhttps:\/\/booking.hotelgest.com\/v3\/?pcode=1707&#8243; button_text=\u00bbVer disponibilidad\u00bb button_alignment=\u00bbcenter\u00bb _builder_version=\u00bb4.24.2&#8243; _module_preset=\u00bbdefault\u00bb custom_button=\u00bbon\u00bb button_text_color=\u00bb#000000&#8243; button_border_color=\u00bb#000000&#8243; button_border_radius=\u00bb25px\u00bb button_icon=\u00bb&#xf073;||fa||400&#8243; hover_enabled=\u00bb0&#8243; global_colors_info=\u00bb{}\u00bb sticky_enabled=\u00bb0&#8243;][\/et_pb_button][et_pb_divider color=\u00bb#E09900&#8243; divider_weight=\u00bb3px\u00bb _builder_version=\u00bb4.24.2&#8243; _module_preset=\u00bbdefault\u00bb global_colors_info=\u00bb{}\u00bb][\/et_pb_divider][et_pb_image src=\u00bbhttps:\/\/hotelplayalangosteira.com\/wp-content\/uploads\/2016\/06\/logo.png\u00bb alt=\u00bbHotel playa Langosteira\u00bb title_text=\u00bbHotel playa Langosteira\u00bb align=\u00bbcenter\u00bb _builder_version=\u00bb4.24.2&#8243; _module_preset=\u00bbdefault\u00bb global_colors_info=\u00bb{}\u00bb][\/et_pb_image][\/et_pb_column][et_pb_column type=\u00bb1_2&#8243; _builder_version=\u00bb4.22.0&#8243; _module_preset=\u00bbdefault\u00bb global_colors_info=\u00bb{}\u00bb][et_pb_image src=\u00bbhttps:\/\/hotelplayalangosteira.com\/wp-content\/uploads\/2016\/06\/Habitacion-Familiar-1.jpg\u00bb title_text=\u00bbHabitacion triple\u00bb _builder_version=\u00bb4.24.2&#8243; _module_preset=\u00bbdefault\u00bb box_shadow_style=\u00bbpreset4&#8243; box_shadow_horizontal=\u00bb9px\u00bb box_shadow_vertical=\u00bb-13px\u00bb box_shadow_color=\u00bb#E09900&#8243; global_colors_info=\u00bb{}\u00bb][\/et_pb_image][\/et_pb_column][\/et_pb_row][et_pb_row column_structure=\u00bb1_2,1_2&#8243; _builder_version=\u00bb4.24.2&#8243; _module_preset=\u00bbdefault\u00bb border_width_bottom=\u00bb4px\u00bb global_colors_info=\u00bb{}\u00bb][et_pb_column type=\u00bb1_2&#8243; _builder_version=\u00bb4.22.0&#8243; _module_preset=\u00bbdefault\u00bb global_colors_info=\u00bb{}\u00bb][et_pb_text _builder_version=\u00bb4.24.2&#8243; _module_preset=\u00bba0075558-6c14-4768-93b2-ff09fdc9d308&#8243; text_text_color=\u00bb#000000&#8243; global_colors_info=\u00bb{}\u00bb]<\/p>\n<p style=\"text-align: center;\"><b>HABITACI\u00d3N DOBLE SUPERIOR CON TERRAZA<\/b><\/p>\n<p>[\/et_pb_text][et_pb_button button_url=\u00bbhttps:\/\/booking.hotelgest.com\/v3\/?pcode=1707&#8243; button_text=\u00bbVer disponibilidad\u00bb button_alignment=\u00bbcenter\u00bb _builder_version=\u00bb4.24.2&#8243; _module_preset=\u00bbdefault\u00bb custom_button=\u00bbon\u00bb button_text_color=\u00bb#000000&#8243; button_border_color=\u00bb#000000&#8243; button_border_radius=\u00bb25px\u00bb button_icon=\u00bb&#xf073;||fa||400&#8243; hover_enabled=\u00bb0&#8243; global_colors_info=\u00bb{}\u00bb sticky_enabled=\u00bb0&#8243;][\/et_pb_button][et_pb_divider color=\u00bb#E09900&#8243; divider_weight=\u00bb3px\u00bb _builder_version=\u00bb4.24.2&#8243; _module_preset=\u00bbdefault\u00bb global_colors_info=\u00bb{}\u00bb][\/et_pb_divider][et_pb_image src=\u00bbhttps:\/\/hotelplayalangosteira.com\/wp-content\/uploads\/2016\/06\/logo.png\u00bb alt=\u00bbHotel playa Langosteira\u00bb title_text=\u00bbHotel playa Langosteira\u00bb align=\u00bbcenter\u00bb _builder_version=\u00bb4.24.2&#8243; _module_preset=\u00bbdefault\u00bb global_colors_info=\u00bb{}\u00bb][\/et_pb_image][\/et_pb_column][et_pb_column type=\u00bb1_2&#8243; _builder_version=\u00bb4.22.0&#8243; _module_preset=\u00bbdefault\u00bb global_colors_info=\u00bb{}\u00bb][et_pb_image src=\u00bbhttps:\/\/hotelplayalangosteira.com\/wp-content\/uploads\/2016\/06\/Habitacion-Superior-con-Terraza-1.jpg\u00bb title_text=\u00bbHabitacion-Superior-con-Terraza\u00bb _builder_version=\u00bb4.24.2&#8243; _module_preset=\u00bbdefault\u00bb box_shadow_style=\u00bbpreset4&#8243; box_shadow_color=\u00bb#E09900&#8243; global_colors_info=\u00bb{}\u00bb][\/et_pb_image][\/et_pb_column][\/et_pb_row][et_pb_row column_structure=\u00bb1_2,1_2&#8243; _builder_version=\u00bb4.24.2&#8243; _module_preset=\u00bbdefault\u00bb border_width_bottom=\u00bb4px\u00bb global_colors_info=\u00bb{}\u00bb][et_pb_column type=\u00bb1_2&#8243; _builder_version=\u00bb4.22.0&#8243; _module_preset=\u00bbdefault\u00bb global_colors_info=\u00bb{}\u00bb][et_pb_text _builder_version=\u00bb4.24.2&#8243; _module_preset=\u00bba0075558-6c14-4768-93b2-ff09fdc9d308&#8243; text_font=\u00bbInter|700|||||||\u00bb text_text_color=\u00bb#000000&#8243; hover_enabled=\u00bb0&#8243; global_colors_info=\u00bb{}\u00bb sticky_enabled=\u00bb0&#8243;]<\/p>\n<p style=\"text-align: center;\"><b>HABITACI\u00d3N FAMILIAR<\/b><\/p>\n<p>[\/et_pb_text][et_pb_button button_url=\u00bbhttps:\/\/booking.hotelgest.com\/v3\/?pcode=1707&#8243; button_text=\u00bbVer disponibilidad\u00bb button_alignment=\u00bbcenter\u00bb _builder_version=\u00bb4.24.2&#8243; _module_preset=\u00bbdefault\u00bb custom_button=\u00bbon\u00bb button_text_color=\u00bb#000000&#8243; button_border_color=\u00bb#000000&#8243; button_border_radius=\u00bb25px\u00bb button_icon=\u00bb&#xf073;||fa||400&#8243; hover_enabled=\u00bb0&#8243; global_colors_info=\u00bb{}\u00bb sticky_enabled=\u00bb0&#8243;][\/et_pb_button][et_pb_divider color=\u00bb#E09900&#8243; divider_weight=\u00bb3px\u00bb _builder_version=\u00bb4.24.2&#8243; _module_preset=\u00bbdefault\u00bb global_colors_info=\u00bb{}\u00bb][\/et_pb_divider][et_pb_image src=\u00bbhttps:\/\/hotelplayalangosteira.com\/wp-content\/uploads\/2016\/06\/logo.png\u00bb alt=\u00bbHotel playa Langosteira\u00bb title_text=\u00bbHotel playa Langosteira\u00bb align=\u00bbcenter\u00bb _builder_version=\u00bb4.24.2&#8243; _module_preset=\u00bbdefault\u00bb global_colors_info=\u00bb{}\u00bb][\/et_pb_image][\/et_pb_column][et_pb_column type=\u00bb1_2&#8243; _builder_version=\u00bb4.22.0&#8243; _module_preset=\u00bbdefault\u00bb global_colors_info=\u00bb{}\u00bb][et_pb_image src=\u00bbhttps:\/\/hotelplayalangosteira.com\/wp-content\/uploads\/2016\/06\/Habitacion-Familiar.jpg\u00bb title_text=\u00bbHabitacion-Familiar\u00bb _builder_version=\u00bb4.24.2&#8243; _module_preset=\u00bbdefault\u00bb box_shadow_style=\u00bbpreset4&#8243; box_shadow_horizontal=\u00bb9px\u00bb box_shadow_vertical=\u00bb-13px\u00bb box_shadow_color=\u00bb#E09900&#8243; global_colors_info=\u00bb{}\u00bb][\/et_pb_image][\/et_pb_column][\/et_pb_row][et_pb_row column_structure=\u00bb1_2,1_2&#8243; _builder_version=\u00bb4.24.2&#8243; _module_preset=\u00bbdefault\u00bb border_width_bottom=\u00bb4px\u00bb global_colors_info=\u00bb{}\u00bb][et_pb_column type=\u00bb1_2&#8243; _builder_version=\u00bb4.22.0&#8243; _module_preset=\u00bbdefault\u00bb global_colors_info=\u00bb{}\u00bb][et_pb_text _builder_version=\u00bb4.24.2&#8243; _module_preset=\u00bba0075558-6c14-4768-93b2-ff09fdc9d308&#8243; text_text_color=\u00bb#000000&#8243; global_colors_info=\u00bb{}\u00bb]<\/p>\n<p style=\"text-align: center;\"><b>HABITACI\u00d3N JUNIOR SUITE<\/b><\/p>\n<p>[\/et_pb_text][et_pb_button button_url=\u00bbhttps:\/\/booking.hotelgest.com\/v3\/?pcode=1707&#8243; button_text=\u00bbVer disponibilidad\u00bb button_alignment=\u00bbcenter\u00bb _builder_version=\u00bb4.24.2&#8243; _module_preset=\u00bbdefault\u00bb custom_button=\u00bbon\u00bb button_text_color=\u00bb#000000&#8243; button_border_color=\u00bb#000000&#8243; button_border_radius=\u00bb25px\u00bb button_icon=\u00bb&#xf073;||fa||400&#8243; hover_enabled=\u00bb0&#8243; global_colors_info=\u00bb{}\u00bb sticky_enabled=\u00bb0&#8243;][\/et_pb_button][et_pb_divider color=\u00bb#E09900&#8243; divider_weight=\u00bb3px\u00bb _builder_version=\u00bb4.24.2&#8243; _module_preset=\u00bbdefault\u00bb global_colors_info=\u00bb{}\u00bb][\/et_pb_divider][et_pb_image src=\u00bbhttps:\/\/hotelplayalangosteira.com\/wp-content\/uploads\/2016\/06\/logo.png\u00bb alt=\u00bbHotel playa Langosteira\u00bb title_text=\u00bbHotel playa Langosteira\u00bb align=\u00bbcenter\u00bb _builder_version=\u00bb4.24.2&#8243; _module_preset=\u00bbdefault\u00bb global_colors_info=\u00bb{}\u00bb][\/et_pb_image][\/et_pb_column][et_pb_column type=\u00bb1_2&#8243; _builder_version=\u00bb4.22.0&#8243; _module_preset=\u00bbdefault\u00bb global_colors_info=\u00bb{}\u00bb][et_pb_image src=\u00bbhttps:\/\/hotelplayalangosteira.com\/wp-content\/uploads\/2016\/06\/Habitacion-Superior-con-Terraza-1.jpg\u00bb title_text=\u00bbHabitacion-Superior-con-Terraza\u00bb _builder_version=\u00bb4.24.2&#8243; _module_preset=\u00bbdefault\u00bb box_shadow_style=\u00bbpreset4&#8243; box_shadow_color=\u00bb#E09900&#8243; global_colors_info=\u00bb{}\u00bb][\/et_pb_image][\/et_pb_column][\/et_pb_row][\/et_pb_section]<\/p>\n","protected":false},"excerpt":{"rendered":"<p>Reserva ahoraElige tu habitaci\u00f3nDe estilo moderno y centradas en el confort de sus hu\u00e9spedes, las 28 habitaciones del\u00a0Hotel Playa LangosteiraHABITACI\u00d3N DOBLE MATRIMONIO\/ TWINHABITACI\u00d3N TRIPLEHABITACI\u00d3N DOBLE SUPERIOR CON TERRAZAHABITACI\u00d3N FAMILIARHABITACI\u00d3N JUNIOR SUITE<\/p>\n","protected":false},"author":3,"featured_media":0,"parent":0,"menu_order":0,"comment_status":"closed","ping_status":"closed","template":"","meta":{"_et_pb_use_builder":"on","_et_pb_old_content":"<p>[vc_row type=\"image\" bg_repeat=\"repeat\" bg_cover=\"false\" bg_attachment=\"true\" enable_parallax=\"false\" parallax_speed=\"0.5\" vertical_align=\"yes\" bg_image=\"8037\"][vc_column width=\"1\/2\"][vc_column_text letter_spacing=\"\"]<\/p><h1 style=\"text-align: left;\"><span style=\"color: #e9b023;\">HABITACIONES<\/span><\/h1><p>[\/vc_column_text][vc_column_text letter_spacing=\"\"]De estilo moderno y centradas en el confort de sus hu\u00e9spedes, las 28 habitaciones del <strong>Hotel Playa Langosteira<\/strong> ofrecen servicios de:[\/vc_column_text][vc_row_inner][vc_column_inner width=\"1\/2\" css=\".vc_custom_1466438059855{padding-right: 20px !important;padding-left: 20px !important;}\"][vc_column_text letter_spacing=\"\"]<img class=\"alignnone size-full wp-image-7935\" src=\"https:\/\/hotelplayalangosteira.com\/wp-content\/uploads\/2016\/06\/television-1.png\" alt=\"television (1)\" width=\"32\" height=\"32\" \/>\u00a0 Televisi\u00f3n<\/p><p><img class=\"alignnone size-full wp-image-7936\" src=\"https:\/\/hotelplayalangosteira.com\/wp-content\/uploads\/2016\/06\/bathtub-1.png\" alt=\"bathtub (1)\" width=\"32\" height=\"32\" \/>\u00a0 Ba\u00f1o Completo<\/p><p><img class=\"alignnone size-full wp-image-7937\" src=\"https:\/\/hotelplayalangosteira.com\/wp-content\/uploads\/2016\/06\/telephone-1.png\" alt=\"telephone (1)\" width=\"32\" height=\"32\" \/>\u00a0 Tel\u00e9fono<\/p><p><img class=\"alignnone size-full wp-image-7938\" src=\"https:\/\/hotelplayalangosteira.com\/wp-content\/uploads\/2016\/06\/wifi-1.png\" alt=\"wifi (1)\" width=\"32\" height=\"32\" \/>\u00a0Wifi<\/p><p>[\/vc_column_text][\/vc_column_inner][vc_column_inner width=\"1\/2\" css=\".vc_custom_1466438068500{padding-top: 20px !important;padding-bottom: 20px !important;}\"][vc_column_text letter_spacing=\"\"]<img class=\"alignnone size-full wp-image-7939\" src=\"https:\/\/hotelplayalangosteira.com\/wp-content\/uploads\/2016\/06\/air-conditioner.png\" alt=\"air-conditioner\" width=\"32\" height=\"32\" \/>\u00a0 Calefacci\u00f3n<\/p><p><img class=\"alignnone size-full wp-image-7940\" src=\"https:\/\/hotelplayalangosteira.com\/wp-content\/uploads\/2016\/06\/safe-deposit-box.png\" alt=\"safe-deposit-box\" width=\"32\" height=\"32\" \/>\u00a0 Caja de seguridad<\/p><p><img class=\"alignnone size-full wp-image-7941\" src=\"https:\/\/hotelplayalangosteira.com\/wp-content\/uploads\/2016\/06\/hair-dryer-on.png\" alt=\"hair-dryer-on\" width=\"32\" height=\"32\" \/>\u00a0 Secador de pelo<\/p><p><img class=\"alignnone size-full wp-image-7942\" src=\"https:\/\/hotelplayalangosteira.com\/wp-content\/uploads\/2016\/06\/toiletries.png\" alt=\"toiletries\" width=\"32\" height=\"32\" \/>\u00a0 Accesorios de aseo[\/vc_column_text][\/vc_column_inner][\/vc_row_inner][\/vc_column][vc_column width=\"1\/2\"][vc_single_image image=\"7899\" img_size=\"large\" full_width=\"yes\"][\/vc_column][\/vc_row][vc_row gap=\"10\"][vc_column width=\"1\/2\"][vc_column_text letter_spacing=\"\" css=\".vc_custom_1467208105889{margin-bottom: 16px !important;}\"]<\/p><h2 style=\"margin-bottom: 0px;\">Habitaci\u00f3n Doble\u00a0Matrimonio<\/h2><p style=\"margin-top: 0px;\"><span style=\"color: #fac134;\"><strong>M\u00e1x. | 2 Personas<\/strong><\/span><\/p><p>[\/vc_column_text][vc_single_image image=\"8128\" img_size=\"full\" css=\".vc_custom_1467208571466{margin-bottom: 0px !important;}\"][vc_btn title=\"Ver disponibilidad\" style=\"outline-custom\" outline_custom_color=\"#fac134\" outline_custom_hover_background=\"#fac134\" outline_custom_hover_text=\"#ffffff\" shape=\"round\" i_align=\"right\" i_icon_fontawesome=\"fa fa-angle-right\" link=\"url:https%3A%2F%2Favirato.com%2Fmotor_reservas%2Freserva_online.php%3Fcode%3D80700418%26id_habitacion%3D1|title:Ver%20disponibilidad|target:%20_blank\" css=\".vc_custom_1497608241646{margin-top: 15px !important;}\" add_icon=\"true\"][\/vc_column][vc_column width=\"1\/2\"][vc_column_text letter_spacing=\"\" css=\".vc_custom_1467208122652{margin-bottom: 16px !important;}\"]<\/p><h2 style=\"margin-bottom: 0px;\">Habitaci\u00f3n Doble\u00a0Twin<\/h2><p style=\"margin-top: 0px;\"><span style=\"color: #fac134;\"><strong>Max | 3 Personas<\/strong><\/span><\/p><p>[\/vc_column_text][vc_single_image image=\"8130\" img_size=\"full\" css=\".vc_custom_1467208707171{margin-bottom: 0px !important;}\"][vc_btn title=\"Ver disponibilidad\" style=\"outline-custom\" outline_custom_color=\"#fac134\" outline_custom_hover_background=\"#fac134\" outline_custom_hover_text=\"#ffffff\" shape=\"round\" i_align=\"right\" i_icon_fontawesome=\"fa fa-angle-right\" link=\"url:https%3A%2F%2Favirato.com%2Fmotor_reservas%2Freserva_online.php%3Fcode%3D80700418%26id_habitacion%3D6|title:Ver%20disponibilidad|target:%20_blank\" css=\".vc_custom_1497608263507{margin-top: 15px !important;}\" add_icon=\"true\"][\/vc_column][\/vc_row][vc_row gap=\"10\"][vc_column width=\"1\/2\"][vc_column_text letter_spacing=\"\" css=\".vc_custom_1467213356410{margin-bottom: 16px !important;}\"]<\/p><h2 style=\"margin-bottom: 0px;\">Doble Superior con Terraza<\/h2><p style=\"margin-top: 0px;\"><span style=\"color: #fac134;\"><strong>M\u00e1x. | 2\u00a0Personas<\/strong><\/span><\/p><p>[\/vc_column_text][vc_single_image image=\"8153\" img_size=\"full\" css=\".vc_custom_1467209127637{margin-bottom: 0px !important;}\"][vc_btn title=\"Ver disponibilidad\" style=\"outline-custom\" outline_custom_color=\"#fac134\" outline_custom_hover_background=\"#fac134\" outline_custom_hover_text=\"#ffffff\" shape=\"round\" i_align=\"right\" i_icon_fontawesome=\"fa fa-angle-right\" link=\"url:https%3A%2F%2Favirato.com%2Fmotor_reservas%2Freserva_online.php%3Fcode%3D80700418%26id_habitacion%3D3|title:Ver%20disponibilidad|target:%20_blank\" css=\".vc_custom_1497608326442{margin-top: 15px !important;}\" add_icon=\"true\"][\/vc_column][vc_column width=\"1\/2\"][vc_column_text letter_spacing=\"\" css=\".vc_custom_1467208155457{margin-bottom: 16px !important;}\"]<\/p><h2 style=\"margin-bottom: 0px;\">Habitaci\u00f3n\u00a0Triple<\/h2><p style=\"margin-top: 0px;\"><span style=\"color: #fac134;\"><strong>Max | 3 Personas<\/strong><\/span><\/p><p>[\/vc_column_text][vc_single_image image=\"8154\" img_size=\"full\" css=\".vc_custom_1467209424584{margin-bottom: 0px !important;}\"][vc_btn title=\"Ver disponibilidad\" style=\"outline-custom\" outline_custom_color=\"#fac134\" outline_custom_hover_background=\"#fac134\" outline_custom_hover_text=\"#ffffff\" shape=\"round\" i_align=\"right\" i_icon_fontawesome=\"fa fa-angle-right\" link=\"url:https%3A%2F%2Favirato.com%2Fmotor_reservas%2Freserva_online.php%3Fcode%3D80700418%26id_habitacion%3D4|title:Ver%20disponibilidad|target:%20_blank\" css=\".vc_custom_1497608373537{margin-top: 15px !important;}\" add_icon=\"true\"][\/vc_column][\/vc_row][vc_row gap=\"10\"][vc_column width=\"1\/2\"][vc_column_text letter_spacing=\"\" css=\".vc_custom_1467208137754{margin-bottom: 16px !important;}\"]<\/p><h2 style=\"margin-bottom: 0px;\">Habitaci\u00f3n\u00a0Familiar<\/h2><p style=\"margin-top: 0px;\"><span style=\"color: #fac134;\"><strong>M\u00e1x. | 5\u00a0Personas<\/strong><\/span><\/p><p>[\/vc_column_text][vc_single_image image=\"8151\" img_size=\"full\" css=\".vc_custom_1467209026499{margin-bottom: 0px !important;}\"][vc_btn title=\"Ver disponibilidad\" style=\"outline-custom\" outline_custom_color=\"#fac134\" outline_custom_hover_background=\"#fac134\" outline_custom_hover_text=\"#ffffff\" shape=\"round\" i_align=\"right\" i_icon_fontawesome=\"fa fa-angle-right\" link=\"url:https%3A%2F%2Favirato.com%2Fmotor_reservas%2Freserva_online.php%3Fcode%3D80700418%26id_habitacion%3D2|title:Ver%20disponibilidad|target:%20_blank\" css=\".vc_custom_1497608422947{margin-top: 15px !important;}\" add_icon=\"true\"][\/vc_column][vc_column width=\"1\/2\"][vc_column_text letter_spacing=\"\" css=\".vc_custom_1467208181653{margin-bottom: 16px !important;}\"]<\/p><h2 style=\"margin-bottom: 0px;\">Habitaci\u00f3n\u00a0Junior Suite<\/h2><p style=\"margin-top: 0px;\"><span style=\"color: #fac134;\"><strong>Max | 3 Personas<\/strong><\/span><\/p><p>[\/vc_column_text][vc_single_image image=\"8130\" img_size=\"full\" css=\".vc_custom_1467208652689{margin-bottom: 0px !important;}\"][vc_btn title=\"Ver disponibilidad\" style=\"outline-custom\" outline_custom_color=\"#fac134\" outline_custom_hover_background=\"#fac134\" outline_custom_hover_text=\"#ffffff\" shape=\"round\" i_align=\"right\" i_icon_fontawesome=\"fa fa-angle-right\" link=\"url:https%3A%2F%2Favirato.com%2Fmotor_reservas%2Freserva_online.php%3Fcode%3D80700418%26id_habitacion%3D5|title:Ver%20disponibilidad|target:%20_blank\" css=\".vc_custom_1497608449248{margin-top: 15px !important;}\" add_icon=\"true\"][\/vc_column][\/vc_row][vc_row][vc_column][vc_empty_space height=\"50px\"][\/vc_column][\/vc_row][vc_row el_id=\"contact\" text_align=\"center\" type=\"image\" vertical_align=\"yes\" padding_top=\"80\" padding_bottom=\"80\" bg_image=\"7984\"][vc_column offset=\"vc_col-lg-offset-3 vc_col-lg-6 vc_col-md-offset-3 vc_col-md-6 vc_col-xs-12\"][vc_single_image image=\"7909\" img_size=\"\" alignment=\"center\"][vc_column_text text_color=\"#ffffff\" font_size=\"15px\" letter_spacing=\"\" css=\".vc_custom_1466498800665{margin-top: 0px !important;}\"]<\/p><p style=\"text-align: center;\">Puede realizar su reserva llamando por tel\u00e9fono, contactando por email o si lo prefiere ponemos a su disposici\u00f3n un formulario de contacto, una vez recibido su mensaje nos pondremos en contacto con Usted con la menor brevedad posible.<\/p><p>[\/vc_column_text][kleo_icon icon=\"phone\" href=\"tel:+981706830\" target=\"_blank\" el_class=\"iconos\" icon_color=\"#000000\"][kleo_icon icon=\"mail-2\" href=\"maito:info@hotelplayalangosteira.com\" target=\"_blank\" el_class=\"iconos\" icon_color=\"#000000\"][kleo_gap size=\"40px\"][\/vc_column][\/vc_row]<\/p>","_et_gb_content_width":"","footnotes":""},"class_list":["post-7862","page","type-page","status-publish","hentry"],"_links":{"self":[{"href":"https:\/\/hotelplayalangosteira.com\/index.php\/wp-json\/wp\/v2\/pages\/7862","targetHints":{"allow":["GET"]}}],"collection":[{"href":"https:\/\/hotelplayalangosteira.com\/index.php\/wp-json\/wp\/v2\/pages"}],"about":[{"href":"https:\/\/hotelplayalangosteira.com\/index.php\/wp-json\/wp\/v2\/types\/page"}],"author":[{"embeddable":true,"href":"https:\/\/hotelplayalangosteira.com\/index.php\/wp-json\/wp\/v2\/users\/3"}],"replies":[{"embeddable":true,"href":"https:\/\/hotelplayalangosteira.com\/index.php\/wp-json\/wp\/v2\/comments?post=7862"}],"version-history":[{"count":44,"href":"https:\/\/hotelplayalangosteira.com\/index.php\/wp-json\/wp\/v2\/pages\/7862\/revisions"}],"predecessor-version":[{"id":8515,"href":"https:\/\/hotelplayalangosteira.com\/index.php\/wp-json\/wp\/v2\/pages\/7862\/revisions\/8515"}],"wp:attachment":[{"href":"https:\/\/hotelplayalangosteira.com\/index.php\/wp-json\/wp\/v2\/media?parent=7862"}],"curies":[{"name":"wp","href":"https:\/\/api.w.org\/{rel}","templated":true}]}}